{"id":4958,"date":"2026-04-06T05:53:26","date_gmt":"2026-04-06T05:53:26","guid":{"rendered":"https:\/\/titaniumkozmetik.com\/?post_type=product&#038;p=4958"},"modified":"2026-04-09T11:47:25","modified_gmt":"2026-04-09T11:47:25","slug":"hydra-fresh-face-foaming-cleanser-aloe-vera-niacinamide-150-ml","status":"publish","type":"product","link":"https:\/\/titaniumkozmetik.com\/ar\/shop\/hydra-fresh-face-foaming-cleanser-aloe-vera-niacinamide-150-ml\/","title":{"rendered":"TAN\u0130UM HYDRA FRESH k\u00f6p\u00fck 150 ML"},"content":{"rendered":"<p><span dir=\"auto\" style=\"vertical-align: inherit;\"><span dir=\"auto\" style=\"vertical-align: inherit;\"><span dir=\"auto\" style=\"vertical-align: inherit;\"><span dir=\"auto\" style=\"vertical-align: inherit;\"><span dir=\"auto\" style=\"vertical-align: inherit;\"><span dir=\"auto\" style=\"vertical-align: inherit;\">A refreshing foaming cleanser that deeply cleanses while maintaining skin balance, leaving the skin soft, clean, and comfortable without dryness.<\/span><\/span><\/span><\/span><\/span><\/span><\/p>\n<p><strong><span dir=\"auto\">Active ingredients:<\/span><\/strong><\/p>\n<table width=\"723\">\n<tbody>\n<tr>\n<td width=\"290\">Aloe Vera Extract \/ Niacinamide \/ Chamomile Extract \/ Green Tea Extract \/ Avocado Oil \/ Allantoin \/ Panthenol \/ Salicylic Acid<\/td>\n<\/tr>\n<\/tbody>\n<\/table>\n<p><span dir=\"auto\" style=\"vertical-align: inherit;\"><span dir=\"auto\" style=\"vertical-align: inherit;\"><span dir=\"auto\" style=\"vertical-align: inherit;\"><span dir=\"auto\" style=\"vertical-align: inherit;\"><span dir=\"auto\" style=\"vertical-align: inherit;\"><span dir=\"auto\" style=\"vertical-align: inherit;\">\u00a0<\/span><\/span><\/span><\/span><\/span><\/span><\/p>\n","protected":false},"excerpt":{"rendered":"<p>A refreshing foaming cleanser that deeply cleanses while maintaining skin balance, leaving the skin soft, clean, and comfortable without dryness. Active ingredients:&hellip;<\/p>\n","protected":false},"featured_media":5087,"comment_status":"closed","ping_status":"closed","template":"","meta":[],"product_cat":[146],"product_tag":[],"class_list":{"0":"post-4958","1":"product","2":"type-product","3":"status-publish","4":"has-post-thumbnail","6":"product_cat-kopuk","8":"first","9":"instock","10":"shipping-taxable","11":"product-type-simple"},"aioseo_notices":[],"_links":{"self":[{"href":"https:\/\/titaniumkozmetik.com\/ar\/wp-json\/wp\/v2\/product\/4958","targetHints":{"allow":["GET"]}}],"collection":[{"href":"https:\/\/titaniumkozmetik.com\/ar\/wp-json\/wp\/v2\/product"}],"about":[{"href":"https:\/\/titaniumkozmetik.com\/ar\/wp-json\/wp\/v2\/types\/product"}],"replies":[{"embeddable":true,"href":"https:\/\/titaniumkozmetik.com\/ar\/wp-json\/wp\/v2\/comments?post=4958"}],"version-history":[{"count":9,"href":"https:\/\/titaniumkozmetik.com\/ar\/wp-json\/wp\/v2\/product\/4958\/revisions"}],"predecessor-version":[{"id":5132,"href":"https:\/\/titaniumkozmetik.com\/ar\/wp-json\/wp\/v2\/product\/4958\/revisions\/5132"}],"wp:featuredmedia":[{"embeddable":true,"href":"https:\/\/titaniumkozmetik.com\/ar\/wp-json\/wp\/v2\/media\/5087"}],"wp:attachment":[{"href":"https:\/\/titaniumkozmetik.com\/ar\/wp-json\/wp\/v2\/media?parent=4958"}],"wp:term":[{"taxonomy":"product_cat","embeddable":true,"href":"https:\/\/titaniumkozmetik.com\/ar\/wp-json\/wp\/v2\/product_cat?post=4958"},{"taxonomy":"product_tag","embeddable":true,"href":"https:\/\/titaniumkozmetik.com\/ar\/wp-json\/wp\/v2\/product_tag?post=4958"}],"curies":[{"name":"wp","href":"https:\/\/api.w.org\/{rel}","templated":true}]}}